{"id":265,"date":"2023-02-28T12:04:30","date_gmt":"2023-02-28T11:04:30","guid":{"rendered":"https:\/\/www.adegagozo.com\/?post_type=product&#038;p=265"},"modified":"2023-02-28T12:10:33","modified_gmt":"2023-02-28T11:10:33","slug":"vino-mencia-preanes","status":"publish","type":"product","link":"https:\/\/www.adegagozo.com\/en\/product\/vino-mencia-preanes\/","title":{"rendered":"Wine Menc\u00eda Preanes"},"content":{"rendered":"<p>Wine Menc\u00eda Preanes<\/p>\n<p><strong>Denomination of Origin:<\/strong> Rebeira Sacra<\/p>\n<p><strong>Adega:<\/strong> Adega Preanes<\/p>\n<p><strong>Grape Variety:<\/strong> Menc\u00eda<\/p>\n<p><strong>Origin: <\/strong>Preanes &#8211; S. Estevo de Ribas de Mi\u00f1o<\/p>\n<p><strong>Capacity:<\/strong> 75CL.<\/p>\n<p><strong>%Alcohol: <\/strong>12,5% ALC. VOL.<\/p>\n<p><b>Winemaker:\u00a0<\/b>Juan Antonio Delgado Campillo<\/p>","protected":false},"excerpt":{"rendered":"<p>Wine Menc\u00eda Preanes<\/p>\n<p><strong>Denomination of Origin:<\/strong> Rebeira Sacra<\/p>\n<p><strong>Adega:<\/strong> Adega Preanes<\/p>\n<p><strong>Grape Variety:<\/strong> Menc\u00eda<\/p>\n<p><strong>Origin: <\/strong>Preanes &#8211; S. Estevo de Ribas de Mi\u00f1o<\/p>\n<p><strong>Capacity:<\/strong> 75CL.<\/p>\n<p><strong>%Alcohol: <\/strong>12,5% ALC. VOL.<\/p>\n<p><b>Winemaker:\u00a0<\/b>Juan Antonio Delgado Campillo<\/p>","protected":false},"featured_media":266,"comment_status":"open","ping_status":"closed","template":"","meta":[],"product_brand":[],"product_cat":[23],"product_tag":[],"class_list":{"0":"post-265","1":"product","2":"type-product","3":"status-publish","4":"has-post-thumbnail","6":"product_cat-vino-mencia","8":"first","9":"instock","10":"shipping-taxable","11":"product-type-simple"},"yoast_head":"<!-- This site is optimized with the Yoast SEO plugin v25.4 - https:\/\/yoast.com\/wordpress\/plugins\/seo\/ -->\n<title>Vino Menc\u00eda Preanes - Adega Gozo Venta vino Online<\/title>\n<meta name=\"description\" content=\"Vino Menc\u00eda Preanes. Denominaci\u00f3n de Origen Ribeira Sacra, origen de Preanes y Ribas de Mi\u00f1o. Venta de vino online artesanal.\" \/>\n<meta name=\"robots\" content=\"index, follow, max-snippet:-1, max-image-preview:large, max-video-preview:-1\" \/>\n<link rel=\"canonical\" href=\"https:\/\/www.adegagozo.com\/en\/product\/vino-mencia-preanes\/\" \/>\n<meta property=\"og:locale\" content=\"en_GB\" \/>\n<meta property=\"og:type\" content=\"article\" \/>\n<meta property=\"og:title\" content=\"Vino Menc\u00eda Preanes - Adega Gozo Venta vino Online\" \/>\n<meta property=\"og:description\" content=\"Vino Menc\u00eda Preanes. Denominaci\u00f3n de Origen Ribeira Sacra, origen de Preanes y Ribas de Mi\u00f1o. Venta de vino online artesanal.\" \/>\n<meta property=\"og:url\" content=\"https:\/\/www.adegagozo.com\/en\/product\/vino-mencia-preanes\/\" \/>\n<meta property=\"og:site_name\" content=\"Adega Gozo\" \/>\n<meta property=\"article:modified_time\" content=\"2023-02-28T11:10:33+00:00\" \/>\n<meta property=\"og:image\" content=\"http:\/\/www.adegagozo.com\/wp-content\/uploads\/2023\/02\/Preanes.jpg\" \/>\n\t<meta property=\"og:image:width\" content=\"1000\" \/>\n\t<meta property=\"og:image:height\" content=\"1000\" \/>\n\t<meta property=\"og:image:type\" content=\"image\/jpeg\" \/>\n<meta name=\"twitter:card\" content=\"summary_large_image\" \/>\n<meta name=\"twitter:label1\" content=\"Estimated reading time\" \/>\n\t<meta name=\"twitter:data1\" content=\"1 minute\" \/>\n<script type=\"application\/ld+json\" class=\"yoast-schema-graph\">{\"@context\":\"https:\/\/schema.org\",\"@graph\":[{\"@type\":\"WebPage\",\"@id\":\"https:\/\/www.adegagozo.com\/producto\/vino-mencia-preanes\/\",\"url\":\"https:\/\/www.adegagozo.com\/producto\/vino-mencia-preanes\/\",\"name\":\"Vino Menc\u00eda Preanes - Adega Gozo Venta vino Online\",\"isPartOf\":{\"@id\":\"https:\/\/www.adegagozo.com\/#website\"},\"primaryImageOfPage\":{\"@id\":\"https:\/\/www.adegagozo.com\/producto\/vino-mencia-preanes\/#primaryimage\"},\"image\":{\"@id\":\"https:\/\/www.adegagozo.com\/producto\/vino-mencia-preanes\/#primaryimage\"},\"thumbnailUrl\":\"https:\/\/www.adegagozo.com\/wp-content\/uploads\/2023\/02\/Preanes.jpg\",\"datePublished\":\"2023-02-28T11:04:30+00:00\",\"dateModified\":\"2023-02-28T11:10:33+00:00\",\"description\":\"Vino Menc\u00eda Preanes. Denominaci\u00f3n de Origen Ribeira Sacra, origen de Preanes y Ribas de Mi\u00f1o. Venta de vino online artesanal.\",\"breadcrumb\":{\"@id\":\"https:\/\/www.adegagozo.com\/producto\/vino-mencia-preanes\/#breadcrumb\"},\"inLanguage\":\"en-GB\",\"potentialAction\":[{\"@type\":\"ReadAction\",\"target\":[\"https:\/\/www.adegagozo.com\/producto\/vino-mencia-preanes\/\"]}]},{\"@type\":\"ImageObject\",\"inLanguage\":\"en-GB\",\"@id\":\"https:\/\/www.adegagozo.com\/producto\/vino-mencia-preanes\/#primaryimage\",\"url\":\"https:\/\/www.adegagozo.com\/wp-content\/uploads\/2023\/02\/Preanes.jpg\",\"contentUrl\":\"https:\/\/www.adegagozo.com\/wp-content\/uploads\/2023\/02\/Preanes.jpg\",\"width\":1000,\"height\":1000,\"caption\":\"vino-menc\u00eda-preanes\"},{\"@type\":\"BreadcrumbList\",\"@id\":\"https:\/\/www.adegagozo.com\/producto\/vino-mencia-preanes\/#breadcrumb\",\"itemListElement\":[{\"@type\":\"ListItem\",\"position\":1,\"name\":\"Portada\",\"item\":\"https:\/\/www.adegagozo.com\/\"},{\"@type\":\"ListItem\",\"position\":2,\"name\":\"TIENDA\",\"item\":\"https:\/\/www.adegagozo.com\/tienda\/\"},{\"@type\":\"ListItem\",\"position\":3,\"name\":\"Vino Menc\u00eda Preanes\"}]},{\"@type\":\"WebSite\",\"@id\":\"https:\/\/www.adegagozo.com\/#website\",\"url\":\"https:\/\/www.adegagozo.com\/\",\"name\":\"Adega Gozo\",\"description\":\"Vinos tintos 100% Menc\u00eda.\",\"publisher\":{\"@id\":\"https:\/\/www.adegagozo.com\/#organization\"},\"potentialAction\":[{\"@type\":\"SearchAction\",\"target\":{\"@type\":\"EntryPoint\",\"urlTemplate\":\"https:\/\/www.adegagozo.com\/?s={search_term_string}\"},\"query-input\":{\"@type\":\"PropertyValueSpecification\",\"valueRequired\":true,\"valueName\":\"search_term_string\"}}],\"inLanguage\":\"en-GB\"},{\"@type\":\"Organization\",\"@id\":\"https:\/\/www.adegagozo.com\/#organization\",\"name\":\"Adega Gozo\",\"url\":\"https:\/\/www.adegagozo.com\/\",\"logo\":{\"@type\":\"ImageObject\",\"inLanguage\":\"en-GB\",\"@id\":\"https:\/\/www.adegagozo.com\/#\/schema\/logo\/image\/\",\"url\":\"https:\/\/www.adegagozo.com\/wp-content\/uploads\/2023\/02\/cropped-LOGO-GOZO.jpg\",\"contentUrl\":\"https:\/\/www.adegagozo.com\/wp-content\/uploads\/2023\/02\/cropped-LOGO-GOZO.jpg\",\"width\":827,\"height\":827,\"caption\":\"Adega Gozo\"},\"image\":{\"@id\":\"https:\/\/www.adegagozo.com\/#\/schema\/logo\/image\/\"}}]}<\/script>\n<!-- \/ Yoast SEO plugin. -->","yoast_head_json":{"title":"Vino Menc\u00eda Preanes - Adega Gozo Venta vino Online","description":"Vino Menc\u00eda Preanes. Denominaci\u00f3n de Origen Ribeira Sacra, origen de Preanes y Ribas de Mi\u00f1o. Venta de vino online artesanal.","robots":{"index":"index","follow":"follow","max-snippet":"max-snippet:-1","max-image-preview":"max-image-preview:large","max-video-preview":"max-video-preview:-1"},"canonical":"https:\/\/www.adegagozo.com\/en\/product\/vino-mencia-preanes\/","og_locale":"en_GB","og_type":"article","og_title":"Vino Menc\u00eda Preanes - Adega Gozo Venta vino Online","og_description":"Vino Menc\u00eda Preanes. Denominaci\u00f3n de Origen Ribeira Sacra, origen de Preanes y Ribas de Mi\u00f1o. Venta de vino online artesanal.","og_url":"https:\/\/www.adegagozo.com\/en\/product\/vino-mencia-preanes\/","og_site_name":"Adega Gozo","article_modified_time":"2023-02-28T11:10:33+00:00","og_image":[{"width":1000,"height":1000,"url":"http:\/\/www.adegagozo.com\/wp-content\/uploads\/2023\/02\/Preanes.jpg","type":"image\/jpeg"}],"twitter_card":"summary_large_image","twitter_misc":{"Estimated reading time":"1 minute"},"schema":{"@context":"https:\/\/schema.org","@graph":[{"@type":"WebPage","@id":"https:\/\/www.adegagozo.com\/producto\/vino-mencia-preanes\/","url":"https:\/\/www.adegagozo.com\/producto\/vino-mencia-preanes\/","name":"Vino Menc\u00eda Preanes - Adega Gozo Venta vino Online","isPartOf":{"@id":"https:\/\/www.adegagozo.com\/#website"},"primaryImageOfPage":{"@id":"https:\/\/www.adegagozo.com\/producto\/vino-mencia-preanes\/#primaryimage"},"image":{"@id":"https:\/\/www.adegagozo.com\/producto\/vino-mencia-preanes\/#primaryimage"},"thumbnailUrl":"https:\/\/www.adegagozo.com\/wp-content\/uploads\/2023\/02\/Preanes.jpg","datePublished":"2023-02-28T11:04:30+00:00","dateModified":"2023-02-28T11:10:33+00:00","description":"Vino Menc\u00eda Preanes. Denominaci\u00f3n de Origen Ribeira Sacra, origen de Preanes y Ribas de Mi\u00f1o. Venta de vino online artesanal.","breadcrumb":{"@id":"https:\/\/www.adegagozo.com\/producto\/vino-mencia-preanes\/#breadcrumb"},"inLanguage":"en-GB","potentialAction":[{"@type":"ReadAction","target":["https:\/\/www.adegagozo.com\/producto\/vino-mencia-preanes\/"]}]},{"@type":"ImageObject","inLanguage":"en-GB","@id":"https:\/\/www.adegagozo.com\/producto\/vino-mencia-preanes\/#primaryimage","url":"https:\/\/www.adegagozo.com\/wp-content\/uploads\/2023\/02\/Preanes.jpg","contentUrl":"https:\/\/www.adegagozo.com\/wp-content\/uploads\/2023\/02\/Preanes.jpg","width":1000,"height":1000,"caption":"vino-menc\u00eda-preanes"},{"@type":"BreadcrumbList","@id":"https:\/\/www.adegagozo.com\/producto\/vino-mencia-preanes\/#breadcrumb","itemListElement":[{"@type":"ListItem","position":1,"name":"Portada","item":"https:\/\/www.adegagozo.com\/"},{"@type":"ListItem","position":2,"name":"TIENDA","item":"https:\/\/www.adegagozo.com\/tienda\/"},{"@type":"ListItem","position":3,"name":"Vino Menc\u00eda Preanes"}]},{"@type":"WebSite","@id":"https:\/\/www.adegagozo.com\/#website","url":"https:\/\/www.adegagozo.com\/","name":"Adega Gozo","description":"Vinos tintos 100% Menc\u00eda.","publisher":{"@id":"https:\/\/www.adegagozo.com\/#organization"},"potentialAction":[{"@type":"SearchAction","target":{"@type":"EntryPoint","urlTemplate":"https:\/\/www.adegagozo.com\/?s={search_term_string}"},"query-input":{"@type":"PropertyValueSpecification","valueRequired":true,"valueName":"search_term_string"}}],"inLanguage":"en-GB"},{"@type":"Organization","@id":"https:\/\/www.adegagozo.com\/#organization","name":"Adega Gozo","url":"https:\/\/www.adegagozo.com\/","logo":{"@type":"ImageObject","inLanguage":"en-GB","@id":"https:\/\/www.adegagozo.com\/#\/schema\/logo\/image\/","url":"https:\/\/www.adegagozo.com\/wp-content\/uploads\/2023\/02\/cropped-LOGO-GOZO.jpg","contentUrl":"https:\/\/www.adegagozo.com\/wp-content\/uploads\/2023\/02\/cropped-LOGO-GOZO.jpg","width":827,"height":827,"caption":"Adega Gozo"},"image":{"@id":"https:\/\/www.adegagozo.com\/#\/schema\/logo\/image\/"}}]}},"jetpack-related-posts":[],"jetpack_sharing_enabled":true,"_links":{"self":[{"href":"https:\/\/www.adegagozo.com\/en\/wp-json\/wp\/v2\/product\/265","targetHints":{"allow":["GET"]}}],"collection":[{"href":"https:\/\/www.adegagozo.com\/en\/wp-json\/wp\/v2\/product"}],"about":[{"href":"https:\/\/www.adegagozo.com\/en\/wp-json\/wp\/v2\/types\/product"}],"replies":[{"embeddable":true,"href":"https:\/\/www.adegagozo.com\/en\/wp-json\/wp\/v2\/comments?post=265"}],"version-history":[{"count":1,"href":"https:\/\/www.adegagozo.com\/en\/wp-json\/wp\/v2\/product\/265\/revisions"}],"predecessor-version":[{"id":267,"href":"https:\/\/www.adegagozo.com\/en\/wp-json\/wp\/v2\/product\/265\/revisions\/267"}],"wp:featuredmedia":[{"embeddable":true,"href":"https:\/\/www.adegagozo.com\/en\/wp-json\/wp\/v2\/media\/266"}],"wp:attachment":[{"href":"https:\/\/www.adegagozo.com\/en\/wp-json\/wp\/v2\/media?parent=265"}],"wp:term":[{"taxonomy":"product_brand","embeddable":true,"href":"https:\/\/www.adegagozo.com\/en\/wp-json\/wp\/v2\/product_brand?post=265"},{"taxonomy":"product_cat","embeddable":true,"href":"https:\/\/www.adegagozo.com\/en\/wp-json\/wp\/v2\/product_cat?post=265"},{"taxonomy":"product_tag","embeddable":true,"href":"https:\/\/www.adegagozo.com\/en\/wp-json\/wp\/v2\/product_tag?post=265"}],"curies":[{"name":"wp","href":"https:\/\/api.w.org\/{rel}","templated":true}]}}